{"id":2041,"date":"2025-03-27T12:50:08","date_gmt":"2025-03-27T12:50:08","guid":{"rendered":"http:\/\/insuresbe7117.webhosting.be\/belgium\/contact-ok\/"},"modified":"2026-01-02T09:39:50","modified_gmt":"2026-01-02T09:39:50","slug":"contact-ok","status":"publish","type":"page","link":"https:\/\/www.insures.be\/fr\/contact-ok\/","title":{"rendered":"Contact OK"},"content":{"rendered":"\t\t<div data-elementor-type=\"wp-post\" data-elementor-id=\"2041\" class=\"elementor elementor-2041 elementor-1648\" data-elementor-post-type=\"page\">\n\t\t\t\t<div class=\"elementor-element elementor-element-6f80b15 e-con-full e-flex e-con e-parent\" data-id=\"6f80b15\" data-element_type=\"container\" data-settings=\"{&quot;background_background&quot;:&quot;classic&quot;}\">\n\t\t<div class=\"elementor-element elementor-element-1a76f32 e-con-full container__xl e-flex e-con e-child\" data-id=\"1a76f32\" data-element_type=\"container\">\n\t\t<div class=\"elementor-element elementor-element-1bc8c00 e-con-full e-flex e-con e-child\" data-id=\"1bc8c00\" data-element_type=\"container\">\n\t\t\t\t<div class=\"elementor-element elementor-element-d1ed154 elementor-widget elementor-widget-heading\" data-id=\"d1ed154\" data-element_type=\"widget\" data-widget_type=\"heading.default\">\n\t\t\t\t<div class=\"elementor-widget-container\">\n\t\t\t\t\t<h1 class=\"elementor-heading-title elementor-size-default\">Conseils personnalis\u00e9s et avis d'experts<\/h1>\t\t\t\t<\/div>\n\t\t\t\t<\/div>\n\t\t\t\t<div class=\"elementor-element elementor-element-bebc784 elementor-widget elementor-widget-text-editor\" data-id=\"bebc784\" data-element_type=\"widget\" data-widget_type=\"text-editor.default\">\n\t\t\t\t<div class=\"elementor-widget-container\">\n\t\t\t\t\t\t\t\t\t<p>Vous avez une question sur une assurance pour la copropri\u00e9t\u00e9 ? Vous souhaitez obtenir un devis sur mesure ou d\u00e9clarer un sinistre ?  <br>Notre \u00e9quipe est pr\u00eate \u00e0 vous aider. Contactez l&rsquo;un de nos bureaux \u00e0 Gand ou \u00e0 Bruxelles. <\/p><p>Nous nous effor\u00e7ons de vous r\u00e9pondre dans les 24 heures.<\/p>\t\t\t\t\t\t\t\t<\/div>\n\t\t\t\t<\/div>\n\t\t\t\t<\/div>\n\t\t\t\t<\/div>\n\t\t\t\t<\/div>\n\t\t<div class=\"elementor-element elementor-element-24f33b9 e-con-full e-flex e-con e-parent\" data-id=\"24f33b9\" data-element_type=\"container\">\n\t\t<div class=\"elementor-element elementor-element-3946cdf e-con-full container__xl e-flex e-con e-child\" data-id=\"3946cdf\" data-element_type=\"container\">\n\t\t<div class=\"elementor-element elementor-element-409ea62 e-con-full e-flex e-con e-child\" data-id=\"409ea62\" data-element_type=\"container\" data-settings=\"{&quot;background_background&quot;:&quot;classic&quot;}\">\n\t\t\t\t<div class=\"elementor-element elementor-element-ddcac51 elementor-widget elementor-widget-heading\" data-id=\"ddcac51\" data-element_type=\"widget\" data-widget_type=\"heading.default\">\n\t\t\t\t<div class=\"elementor-widget-container\">\n\t\t\t\t\t<h3 class=\"elementor-heading-title elementor-size-default\">Merci pour votre demande de contact<\/h3>\t\t\t\t<\/div>\n\t\t\t\t<\/div>\n\t\t\t\t<div class=\"elementor-element elementor-element-15d935d elementor-widget elementor-widget-text-editor\" data-id=\"15d935d\" data-element_type=\"widget\" data-widget_type=\"text-editor.default\">\n\t\t\t\t<div class=\"elementor-widget-container\">\n\t\t\t\t\t\t\t\t\t<p> Vous recevrez bient\u00f4t un message de notre part<\/p>\t\t\t\t\t\t\t\t<\/div>\n\t\t\t\t<\/div>\n\t\t\t\t<\/div>\n\t\t<div class=\"elementor-element elementor-element-4bb56c0 e-con-full e-flex e-con e-child\" data-id=\"4bb56c0\" data-element_type=\"container\">\n\t\t\t\t<div class=\"elementor-element elementor-element-7118836 elementor-widget elementor-widget-image\" data-id=\"7118836\" data-element_type=\"widget\" data-widget_type=\"image.default\">\n\t\t\t\t<div class=\"elementor-widget-container\">\n\t\t\t\t\t\t\t\t\t\t\t\t\t\t\t<img fetchpriority=\"high\" decoding=\"async\" width=\"800\" height=\"657\" src=\"https:\/\/www.insures.be\/wp-content\/uploads\/2025\/03\/Insures_Sfeerfoto-1-1024x841.jpg\" class=\"attachment-large size-large wp-image-1397\" alt=\"\" srcset=\"https:\/\/www.insures.be\/wp-content\/uploads\/2025\/03\/Insures_Sfeerfoto-1-1024x841.jpg 1024w, https:\/\/www.insures.be\/wp-content\/uploads\/2025\/03\/Insures_Sfeerfoto-1-300x246.jpg 300w, https:\/\/www.insures.be\/wp-content\/uploads\/2025\/03\/Insures_Sfeerfoto-1-768x631.jpg 768w, https:\/\/www.insures.be\/wp-content\/uploads\/2025\/03\/Insures_Sfeerfoto-1-1536x1262.jpg 1536w, https:\/\/www.insures.be\/wp-content\/uploads\/2025\/03\/Insures_Sfeerfoto-1.jpg 2000w\" sizes=\"(max-width: 800px) 100vw, 800px\" \/>\t\t\t\t\t\t\t\t\t\t\t\t\t\t\t<\/div>\n\t\t\t\t<\/div>\n\t\t<div class=\"elementor-element elementor-element-8e1f1f9 e-con-full card__item e-flex e-con e-child\" data-id=\"8e1f1f9\" data-element_type=\"container\" data-settings=\"{&quot;background_background&quot;:&quot;classic&quot;}\">\n\t\t\t\t<div class=\"elementor-element elementor-element-c8ba89a elementor-widget elementor-widget-heading\" data-id=\"c8ba89a\" data-element_type=\"widget\" data-widget_type=\"heading.default\">\n\t\t\t\t<div class=\"elementor-widget-container\">\n\t\t\t\t\t<h3 class=\"elementor-heading-title elementor-size-default\">Signaler les dommages ?<\/h3>\t\t\t\t<\/div>\n\t\t\t\t<\/div>\n\t\t\t\t<div class=\"elementor-element elementor-element-5123922 elementor-widget elementor-widget-text-editor\" data-id=\"5123922\" data-element_type=\"widget\" data-widget_type=\"text-editor.default\">\n\t\t\t\t<div class=\"elementor-widget-container\">\n\t\t\t\t\t\t\t\t\t<p>D\u00e9clarez rapidement et facilement un sinistre ? Cliquez sur le bouton ci-dessous et nous nous occupons du reste. <\/p>\t\t\t\t\t\t\t\t<\/div>\n\t\t\t\t<\/div>\n\t\t\t\t<div class=\"elementor-element elementor-element-f8e0e35 elementor-align-left card__link elementor-widget elementor-widget-button\" data-id=\"f8e0e35\" data-element_type=\"widget\" data-widget_type=\"button.default\">\n\t\t\t\t<div class=\"elementor-widget-container\">\n\t\t\t\t\t\t\t\t\t<div class=\"elementor-button-wrapper\">\n\t\t\t\t\t<a class=\"elementor-button elementor-button-link elementor-size-sm\" href=\"#\">\n\t\t\t\t\t\t<span class=\"elementor-button-content-wrapper\">\n\t\t\t\t\t\t\t\t\t<span class=\"elementor-button-text\">Soumettre une demande<\/span>\n\t\t\t\t\t<\/span>\n\t\t\t\t\t<\/a>\n\t\t\t\t<\/div>\n\t\t\t\t\t\t\t\t<\/div>\n\t\t\t\t<\/div>\n\t\t\t\t<\/div>\n\t\t\t\t<\/div>\n\t\t\t\t<\/div>\n\t\t\t\t<\/div>\n\t\t\t\t<\/div>\n\t\t","protected":false},"excerpt":{"rendered":"<p>Conseils personnalis\u00e9s et avis d&rsquo;experts Vous avez une question sur une assurance pour la copropri\u00e9t\u00e9 ? Vous souhaitez obtenir un devis sur mesure ou d\u00e9clarer un sinistre ? Notre \u00e9quipe est pr\u00eate \u00e0 vous aider. Contactez l&rsquo;un de nos bureaux \u00e0 Gand ou \u00e0 Bruxelles. Nous nous effor\u00e7ons de vous r\u00e9pondre dans les 24 heures. [&hellip;]<\/p>\n","protected":false},"author":1,"featured_media":0,"parent":0,"menu_order":0,"comment_status":"closed","ping_status":"closed","template":"elementor_header_footer","meta":{"_acf_changed":false,"footnotes":""},"class_list":["post-2041","page","type-page","status-publish","hentry"],"acf":[],"_links":{"self":[{"href":"https:\/\/www.insures.be\/fr\/wp-json\/wp\/v2\/pages\/2041","targetHints":{"allow":["GET"]}}],"collection":[{"href":"https:\/\/www.insures.be\/fr\/wp-json\/wp\/v2\/pages"}],"about":[{"href":"https:\/\/www.insures.be\/fr\/wp-json\/wp\/v2\/types\/page"}],"author":[{"embeddable":true,"href":"https:\/\/www.insures.be\/fr\/wp-json\/wp\/v2\/users\/1"}],"replies":[{"embeddable":true,"href":"https:\/\/www.insures.be\/fr\/wp-json\/wp\/v2\/comments?post=2041"}],"version-history":[{"count":12,"href":"https:\/\/www.insures.be\/fr\/wp-json\/wp\/v2\/pages\/2041\/revisions"}],"predecessor-version":[{"id":4011,"href":"https:\/\/www.insures.be\/fr\/wp-json\/wp\/v2\/pages\/2041\/revisions\/4011"}],"wp:attachment":[{"href":"https:\/\/www.insures.be\/fr\/wp-json\/wp\/v2\/media?parent=2041"}],"curies":[{"name":"wp","href":"https:\/\/api.w.org\/{rel}","templated":true}]}}